{"id":403,"date":"2025-01-13T17:17:27","date_gmt":"2025-01-13T16:17:27","guid":{"rendered":"https:\/\/www.bonotti.com\/tmp\/?page_id=403"},"modified":"2025-03-05T10:10:26","modified_gmt":"2025-03-05T09:10:26","slug":"chi-siamo","status":"publish","type":"page","link":"https:\/\/www.bonotti.com\/it\/chi-siamo\/","title":{"rendered":"Chi siamo"},"content":{"rendered":"\t\t<div data-elementor-type=\"wp-page\" data-elementor-id=\"403\" class=\"elementor elementor-403\" data-elementor-post-type=\"page\">\n\t\t\t\t\t\t<section class=\"elementor-section elementor-top-section elementor-element elementor-element-eb5b434 elementor-section-height-min-height elementor-section-boxed elementor-section-height-default elementor-section-items-middle\" data-id=\"eb5b434\" data-element_type=\"section\" data-settings=\"{&quot;background_background&quot;:&quot;classic&quot;,&quot;shape_divider_bottom&quot;:&quot;tilt&quot;}\">\n\t\t\t\t\t\t\t<div class=\"elementor-background-overlay\"><\/div>\n\t\t\t\t\t\t<div class=\"elementor-shape elementor-shape-bottom\" aria-hidden=\"true\" data-negative=\"false\">\n\t\t\t<svg xmlns=\"http:\/\/www.w3.org\/2000\/svg\" viewBox=\"0 0 1000 100\" preserveAspectRatio=\"none\">\n\t<path class=\"elementor-shape-fill\" d=\"M0,6V0h1000v100L0,6z\"\/>\n<\/svg>\t\t<\/div>\n\t\t\t\t\t<div class=\"elementor-container elementor-column-gap-default\">\n\t\t\t\t\t<div class=\"elementor-column elementor-col-100 elementor-top-column elementor-element elementor-element-40608df\" data-id=\"40608df\" data-element_type=\"column\">\n\t\t\t<div class=\"elementor-widget-wrap elementor-element-populated\">\n\t\t\t\t\t\t<div class=\"elementor-element elementor-element-d32a6ef elementor-widget elementor-widget-heading\" data-id=\"d32a6ef\" data-element_type=\"widget\" data-widget_type=\"heading.default\">\n\t\t\t\t\t<h1 class=\"elementor-heading-title elementor-size-default\">Chi siamo.<\/h1>\t\t\t\t<\/div>\n\t\t\t\t\t<\/div>\n\t\t<\/div>\n\t\t\t\t\t<\/div>\n\t\t<\/section>\n\t\t\t\t<section class=\"elementor-section elementor-top-section elementor-element elementor-element-5278601 elementor-section-boxed elementor-section-height-default elementor-section-height-default\" data-id=\"5278601\" data-element_type=\"section\" data-settings=\"{&quot;shape_divider_bottom&quot;:&quot;tilt&quot;}\">\n\t\t\t\t\t<div class=\"elementor-shape elementor-shape-bottom\" aria-hidden=\"true\" data-negative=\"false\">\n\t\t\t<svg xmlns=\"http:\/\/www.w3.org\/2000\/svg\" viewBox=\"0 0 1000 100\" preserveAspectRatio=\"none\">\n\t<path class=\"elementor-shape-fill\" d=\"M0,6V0h1000v100L0,6z\"\/>\n<\/svg>\t\t<\/div>\n\t\t\t\t\t<div class=\"elementor-container elementor-column-gap-no\">\n\t\t\t\t\t<div class=\"elementor-column elementor-col-100 elementor-top-column elementor-element elementor-element-dabbe80\" data-id=\"dabbe80\" data-element_type=\"column\">\n\t\t\t<div class=\"elementor-widget-wrap elementor-element-populated\">\n\t\t\t\t\t\t<div class=\"elementor-element elementor-element-94e5663 elementor-widget elementor-widget-heading\" data-id=\"94e5663\" data-element_type=\"widget\" data-widget_type=\"heading.default\">\n\t\t\t\t\t<h2 class=\"elementor-heading-title elementor-size-default\">Bonotti Marble<\/h2>\t\t\t\t<\/div>\n\t\t\t\t<div class=\"elementor-element elementor-element-7866a86 elementor-widget elementor-widget-text-editor\" data-id=\"7866a86\" data-element_type=\"widget\" data-widget_type=\"text-editor.default\">\n\t\t\t\t\t\t\t\t\t<p>Fondata a Carrara nel 1935 vanta una lunga e appassionata storia fatta di solida esperienza e sincero amore per la pietra naturale, soprattutto grazie ai forti e consolidati legami con il territorio regionale. Bonotti Marble \u00e8 una delle pi\u00f9 grandi aziende di Carrara e il nostro inventario comprende pi\u00f9 di 10.000 lastre provenienti da tutto il mondo.<\/p>\t\t\t\t\t\t\t\t<\/div>\n\t\t\t\t\t<\/div>\n\t\t<\/div>\n\t\t\t\t\t<\/div>\n\t\t<\/section>\n\t\t\t\t<section class=\"elementor-section elementor-top-section elementor-element elementor-element-0cc2957 elementor-section-boxed elementor-section-height-default elementor-section-height-default\" data-id=\"0cc2957\" data-element_type=\"section\" data-settings=\"{&quot;background_background&quot;:&quot;classic&quot;}\">\n\t\t\t\t\t\t<div class=\"elementor-container elementor-column-gap-default\">\n\t\t\t\t\t<div class=\"elementor-column elementor-col-100 elementor-top-column elementor-element elementor-element-83c6df0\" data-id=\"83c6df0\" data-element_type=\"column\">\n\t\t\t<div class=\"elementor-widget-wrap elementor-element-populated\">\n\t\t\t\t\t\t<div class=\"elementor-element elementor-element-a21775d animated-slow elementor-invisible elementor-widget elementor-widget-heading\" data-id=\"a21775d\" data-element_type=\"widget\" data-settings=\"{&quot;_animation&quot;:&quot;fadeIn&quot;}\" data-widget_type=\"heading.default\">\n\t\t\t\t\t<h3 class=\"elementor-heading-title elementor-size-default\">Siamo un\u2019azienda italiana leader del mercato del settore della pietra naturale che propone i migliori marmi, quarziti, graniti, pietre e onici provenienti da ogni angolo del pianeta.<\/h3>\t\t\t\t<\/div>\n\t\t\t\t\t<\/div>\n\t\t<\/div>\n\t\t\t\t\t<\/div>\n\t\t<\/section>\n\t\t\t\t<section class=\"elementor-section elementor-top-section elementor-element elementor-element-1a07543 elementor-section-full_width elementor-section-height-default elementor-section-height-default\" data-id=\"1a07543\" data-element_type=\"section\" data-settings=\"{&quot;shape_divider_top&quot;:&quot;tilt&quot;}\">\n\t\t\t\t\t<div class=\"elementor-shape elementor-shape-top\" aria-hidden=\"true\" data-negative=\"false\">\n\t\t\t<svg xmlns=\"http:\/\/www.w3.org\/2000\/svg\" viewBox=\"0 0 1000 100\" preserveAspectRatio=\"none\">\n\t<path class=\"elementor-shape-fill\" d=\"M0,6V0h1000v100L0,6z\"\/>\n<\/svg>\t\t<\/div>\n\t\t\t\t\t<div class=\"elementor-container elementor-column-gap-default\">\n\t\t\t\t\t<div class=\"elementor-column elementor-col-50 elementor-top-column elementor-element elementor-element-a3b8107\" data-id=\"a3b8107\" data-element_type=\"column\">\n\t\t\t<div class=\"elementor-widget-wrap elementor-element-populated\">\n\t\t\t\t\t\t<div class=\"elementor-element elementor-element-a28eedb elementor-invisible elementor-widget elementor-widget-image\" data-id=\"a28eedb\" data-element_type=\"widget\" data-settings=\"{&quot;_animation&quot;:&quot;fadeInLeft&quot;}\" data-widget_type=\"image.default\">\n\t\t\t\t\t\t\t\t\t\t\t\t\t\t\t<img fetchpriority=\"high\" decoding=\"async\" width=\"1500\" height=\"955\" src=\"https:\/\/www.bonotti.com\/it\/wp-content\/uploads\/sites\/3\/2025\/02\/bonotti-marble-bianco-altissimo.jpg\" class=\"attachment-full size-full wp-image-1459\" alt=\"Bianco Altissimo - Bonotti Marble\" srcset=\"https:\/\/www.bonotti.com\/it\/wp-content\/uploads\/sites\/3\/2025\/02\/bonotti-marble-bianco-altissimo.jpg 1500w, https:\/\/www.bonotti.com\/it\/wp-content\/uploads\/sites\/3\/2025\/02\/bonotti-marble-bianco-altissimo-300x191.jpg 300w, https:\/\/www.bonotti.com\/it\/wp-content\/uploads\/sites\/3\/2025\/02\/bonotti-marble-bianco-altissimo-1024x652.jpg 1024w, https:\/\/www.bonotti.com\/it\/wp-content\/uploads\/sites\/3\/2025\/02\/bonotti-marble-bianco-altissimo-768x489.jpg 768w\" sizes=\"(max-width: 1500px) 100vw, 1500px\" \/>\t\t\t\t\t\t\t\t\t\t\t\t\t\t\t<\/div>\n\t\t\t\t\t<\/div>\n\t\t<\/div>\n\t\t\t\t<div class=\"elementor-column elementor-col-50 elementor-top-column elementor-element elementor-element-330730c\" data-id=\"330730c\" data-element_type=\"column\">\n\t\t\t<div class=\"elementor-widget-wrap elementor-element-populated\">\n\t\t\t\t\t\t<div class=\"elementor-element elementor-element-c57531f elementor-widget-tablet_extra__width-initial elementor-invisible elementor-widget elementor-widget-heading\" data-id=\"c57531f\" data-element_type=\"widget\" data-settings=\"{&quot;_animation&quot;:&quot;fadeIn&quot;}\" data-widget_type=\"heading.default\">\n\t\t\t\t\t<p class=\"elementor-heading-title elementor-size-default\">Nel corso di tre generazioni, attraverso duro lavoro, dedizione e sviluppo, l\u2019azienda Bonotti Marble \u00e8 cresciuta fino a diventare uno dei principali fornitori italiani di pietra naturale, un traguardo che cerchiamo costantemente di superare fissando nuovi obiettivi per crescere stabilmente, ampliare il ventaglio dei prodotti offerti e migliorare quotidianamente il nostro servizio.<\/p>\t\t\t\t<\/div>\n\t\t\t\t\t<\/div>\n\t\t<\/div>\n\t\t\t\t\t<\/div>\n\t\t<\/section>\n\t\t\t\t<section class=\"elementor-section elementor-top-section elementor-element elementor-element-e5ed559 elementor-section-boxed elementor-section-height-default elementor-section-height-default\" data-id=\"e5ed559\" data-element_type=\"section\">\n\t\t\t\t\t\t<div class=\"elementor-container elementor-column-gap-default\">\n\t\t\t\t\t<div class=\"elementor-column elementor-col-100 elementor-top-column elementor-element elementor-element-510fcba\" data-id=\"510fcba\" data-element_type=\"column\">\n\t\t\t<div class=\"elementor-widget-wrap elementor-element-populated\">\n\t\t\t\t\t\t<div class=\"elementor-element elementor-element-c28cc1c animated-slow elementor-invisible elementor-widget elementor-widget-heading\" data-id=\"c28cc1c\" data-element_type=\"widget\" data-settings=\"{&quot;_animation&quot;:&quot;fadeIn&quot;}\" data-widget_type=\"heading.default\">\n\t\t\t\t\t<p class=\"elementor-heading-title elementor-size-default\">Con passione e caparbiet\u00e0 abbiamo iniziato ad espandere la nostra attivit\u00e0 su scala globale, aprendoci progressivamente a nuovi mercati e soddisfacendo le molteplici richieste di un numero sempre crescente di clienti internazionali.<\/p>\t\t\t\t<\/div>\n\t\t\t\t\t<\/div>\n\t\t<\/div>\n\t\t\t\t\t<\/div>\n\t\t<\/section>\n\t\t\t\t<section class=\"elementor-section elementor-top-section elementor-element elementor-element-459b2a28 elementor-section-content-middle elementor-section-boxed elementor-section-height-default elementor-section-height-default\" data-id=\"459b2a28\" data-element_type=\"section\">\n\t\t\t\t\t\t<div class=\"elementor-container elementor-column-gap-no\">\n\t\t\t\t\t<div class=\"elementor-column elementor-col-100 elementor-top-column elementor-element elementor-element-49c58579\" data-id=\"49c58579\" data-element_type=\"column\">\n\t\t\t<div class=\"elementor-widget-wrap elementor-element-populated\">\n\t\t\t\t\t\t<div class=\"elementor-element elementor-element-7eb46df0 elementor-invisible elementor-widget elementor-widget-image\" data-id=\"7eb46df0\" data-element_type=\"widget\" data-settings=\"{&quot;_animation&quot;:&quot;fadeIn&quot;}\" data-widget_type=\"image.default\">\n\t\t\t\t\t\t\t\t\t\t\t\t\t\t\t<img decoding=\"async\" width=\"2560\" height=\"1942\" src=\"https:\/\/www.bonotti.com\/it\/wp-content\/uploads\/sites\/3\/2025\/02\/kitchen-scaled-1.jpg\" class=\"attachment-full size-full wp-image-4138\" alt=\"\" srcset=\"https:\/\/www.bonotti.com\/it\/wp-content\/uploads\/sites\/3\/2025\/02\/kitchen-scaled-1.jpg 2560w, https:\/\/www.bonotti.com\/it\/wp-content\/uploads\/sites\/3\/2025\/02\/kitchen-scaled-1-300x228.jpg 300w, https:\/\/www.bonotti.com\/it\/wp-content\/uploads\/sites\/3\/2025\/02\/kitchen-scaled-1-1024x777.jpg 1024w, https:\/\/www.bonotti.com\/it\/wp-content\/uploads\/sites\/3\/2025\/02\/kitchen-scaled-1-768x583.jpg 768w, https:\/\/www.bonotti.com\/it\/wp-content\/uploads\/sites\/3\/2025\/02\/kitchen-scaled-1-1536x1165.jpg 1536w, https:\/\/www.bonotti.com\/it\/wp-content\/uploads\/sites\/3\/2025\/02\/kitchen-scaled-1-2048x1554.jpg 2048w\" sizes=\"(max-width: 2560px) 100vw, 2560px\" \/>\t\t\t\t\t\t\t\t\t\t\t\t\t\t\t<\/div>\n\t\t\t\t<div class=\"elementor-element elementor-element-39ef6866 animated-slow elementor-invisible elementor-widget elementor-widget-heading\" data-id=\"39ef6866\" data-element_type=\"widget\" data-settings=\"{&quot;_animation&quot;:&quot;fadeIn&quot;}\" data-widget_type=\"heading.default\">\n\t\t\t\t\t<h2 class=\"elementor-heading-title elementor-size-default\">Missione e filosofia<\/h2>\t\t\t\t<\/div>\n\t\t\t\t<div class=\"elementor-element elementor-element-784a634 animated-slow elementor-invisible elementor-widget elementor-widget-text-editor\" data-id=\"784a634\" data-element_type=\"widget\" data-settings=\"{&quot;_animation&quot;:&quot;fadeIn&quot;}\" data-widget_type=\"text-editor.default\">\n\t\t\t\t\t\t\t\t\t<p>La nostra missione \u00e8 quella di fornire costantemente ai distributori di pietra naturale ed ai professionisti del design un\u2019accurata selezione dei materiali pi\u00f9 attuali e raffinati provenienti da ogni angolo del pianeta, ai prezzi pi\u00f9 competitivi sul mercato al fine di soddisfare qualsiasi richiesta.<\/p>\t\t\t\t\t\t\t\t<\/div>\n\t\t\t\t<section class=\"elementor-section elementor-inner-section elementor-element elementor-element-702ebcda elementor-section-boxed elementor-section-height-default elementor-section-height-default\" data-id=\"702ebcda\" data-element_type=\"section\">\n\t\t\t\t\t\t<div class=\"elementor-container elementor-column-gap-default\">\n\t\t\t\t\t<div class=\"elementor-column elementor-col-50 elementor-inner-column elementor-element elementor-element-ef2770e\" data-id=\"ef2770e\" data-element_type=\"column\">\n\t\t\t<div class=\"elementor-widget-wrap elementor-element-populated\">\n\t\t\t\t\t\t<div class=\"elementor-element elementor-element-c9f3026 animated-slow elementor-invisible elementor-widget elementor-widget-text-editor\" data-id=\"c9f3026\" data-element_type=\"widget\" data-settings=\"{&quot;_animation&quot;:&quot;fadeInUp&quot;}\" data-widget_type=\"text-editor.default\">\n\t\t\t\t\t\t\t\t\t<p>Con due sedi a Carrara e Avenza, la prima interamente dedicata ai marmi bianchi, la seconda alle pietre esotiche ed esclusive, l\u2019azienda Bonotti estrae alcuni dei suoi marmi pi\u00f9 preziosi direttamente da cave di propriet\u00e0, situate nel comune di Vagli e nel comune di Collemandina: Calacatta Apuano, Arabescato Apuano, Statuario Apuano, Tuscan Superwhite, Bianco Altissimo, Fantastico Arni e Collemandina.<\/p>\t\t\t\t\t\t\t\t<\/div>\n\t\t\t\t\t<\/div>\n\t\t<\/div>\n\t\t\t\t<div class=\"elementor-column elementor-col-50 elementor-inner-column elementor-element elementor-element-751c708e\" data-id=\"751c708e\" data-element_type=\"column\">\n\t\t\t<div class=\"elementor-widget-wrap elementor-element-populated\">\n\t\t\t\t\t\t<div class=\"elementor-element elementor-element-adc6f0f animated-slow elementor-invisible elementor-widget elementor-widget-text-editor\" data-id=\"adc6f0f\" data-element_type=\"widget\" data-settings=\"{&quot;_animation&quot;:&quot;fadeInUp&quot;}\" data-widget_type=\"text-editor.default\">\n\t\t\t\t\t\t\t\t\t<p>La nostra continua dedizione alla ricerca di pietre pregiate e lussuose, in linea con le ultime tendenze di mercato e la costante innovazione nelle migliori tipologie di finiture proposte sono le due principali qualit\u00e0 che caratterizzano la nostra vasta gamma di prodotti, che vanta pi\u00f9 di 450 colori provenienti da tutto il mondo.<\/p>\t\t\t\t\t\t\t\t<\/div>\n\t\t\t\t\t<\/div>\n\t\t<\/div>\n\t\t\t\t\t<\/div>\n\t\t<\/section>\n\t\t\t\t\t<\/div>\n\t\t<\/div>\n\t\t\t\t\t<\/div>\n\t\t<\/section>\n\t\t\t\t<\/div>\n\t\t","protected":false},"excerpt":{"rendered":"<p>Chi siamo. Bonotti Marble Fondata a Carrara nel 1935 vanta una lunga e appassionata storia fatta di solida esperienza e sincero amore per la pietra naturale, soprattutto grazie ai forti e consolidati legami con il territorio regionale. Bonotti Marble \u00e8 una delle pi\u00f9 grandi aziende di Carrara e il nostro inventario comprende pi\u00f9 di 10.000 [&hellip;]<\/p>\n","protected":false},"author":1,"featured_media":0,"parent":0,"menu_order":0,"comment_status":"closed","ping_status":"closed","template":"","meta":{"_acf_changed":false,"footnotes":""},"class_list":["post-403","page","type-page","status-publish","hentry"],"acf":[],"yoast_head":"<!-- This site is optimized with the Yoast SEO plugin v25.4 - https:\/\/yoast.com\/wordpress\/plugins\/seo\/ -->\n<title>Chi siamo &#8212; Bonotti Marble<\/title>\n<meta name=\"description\" content=\"Una delle pi\u00f9 grandi aziende di Carrara e il nostro inventario comprende pi\u00f9 di 10.000 lastre provenienti da tutto il mondo.\" \/>\n<meta name=\"robots\" content=\"index, follow, max-snippet:-1, max-image-preview:large, max-video-preview:-1\" \/>\n<link rel=\"canonical\" href=\"https:\/\/www.bonotti.com\/it\/chi-siamo\/\" \/>\n<meta property=\"og:locale\" content=\"it_IT\" \/>\n<meta property=\"og:type\" content=\"article\" \/>\n<meta property=\"og:title\" content=\"Chi siamo &#8212; Bonotti Marble\" \/>\n<meta property=\"og:description\" content=\"Una delle pi\u00f9 grandi aziende di Carrara e il nostro inventario comprende pi\u00f9 di 10.000 lastre provenienti da tutto il mondo.\" \/>\n<meta property=\"og:url\" content=\"https:\/\/www.bonotti.com\/it\/chi-siamo\/\" \/>\n<meta property=\"og:site_name\" content=\"Bonotti Marble\" \/>\n<meta property=\"article:publisher\" content=\"https:\/\/www.facebook.com\/bonotti.marmi\/\" \/>\n<meta property=\"article:modified_time\" content=\"2025-03-05T09:10:26+00:00\" \/>\n<meta property=\"og:image\" content=\"https:\/\/www.bonotti.com\/it\/wp-content\/uploads\/sites\/3\/2025\/02\/bonotti-marble-bianco-altissimo.jpg\" \/>\n\t<meta property=\"og:image:width\" content=\"1500\" \/>\n\t<meta property=\"og:image:height\" content=\"955\" \/>\n\t<meta property=\"og:image:type\" content=\"image\/jpeg\" \/>\n<meta name=\"twitter:card\" content=\"summary_large_image\" \/>\n<meta name=\"twitter:label1\" content=\"Tempo di lettura stimato\" \/>\n\t<meta name=\"twitter:data1\" content=\"2 minuti\" \/>\n<script type=\"application\/ld+json\" class=\"yoast-schema-graph\">{\"@context\":\"https:\/\/schema.org\",\"@graph\":[{\"@type\":\"WebPage\",\"@id\":\"https:\/\/www.bonotti.com\/it\/chi-siamo\/\",\"url\":\"https:\/\/www.bonotti.com\/it\/chi-siamo\/\",\"name\":\"Chi siamo &#8212; Bonotti Marble\",\"isPartOf\":{\"@id\":\"https:\/\/www.bonotti.com\/it\/#website\"},\"primaryImageOfPage\":{\"@id\":\"https:\/\/www.bonotti.com\/it\/chi-siamo\/#primaryimage\"},\"image\":{\"@id\":\"https:\/\/www.bonotti.com\/it\/chi-siamo\/#primaryimage\"},\"thumbnailUrl\":\"https:\/\/www.bonotti.com\/it\/wp-content\/uploads\/sites\/3\/2025\/02\/bonotti-marble-bianco-altissimo.jpg\",\"datePublished\":\"2025-01-13T16:17:27+00:00\",\"dateModified\":\"2025-03-05T09:10:26+00:00\",\"description\":\"Una delle pi\u00f9 grandi aziende di Carrara e il nostro inventario comprende pi\u00f9 di 10.000 lastre provenienti da tutto il mondo.\",\"breadcrumb\":{\"@id\":\"https:\/\/www.bonotti.com\/it\/chi-siamo\/#breadcrumb\"},\"inLanguage\":\"it-IT\",\"potentialAction\":[{\"@type\":\"ReadAction\",\"target\":[\"https:\/\/www.bonotti.com\/it\/chi-siamo\/\"]}]},{\"@type\":\"ImageObject\",\"inLanguage\":\"it-IT\",\"@id\":\"https:\/\/www.bonotti.com\/it\/chi-siamo\/#primaryimage\",\"url\":\"https:\/\/www.bonotti.com\/it\/wp-content\/uploads\/sites\/3\/2025\/02\/bonotti-marble-bianco-altissimo.jpg\",\"contentUrl\":\"https:\/\/www.bonotti.com\/it\/wp-content\/uploads\/sites\/3\/2025\/02\/bonotti-marble-bianco-altissimo.jpg\",\"width\":1500,\"height\":955,\"caption\":\"Bianco Altissimo - Bonotti Marble\"},{\"@type\":\"BreadcrumbList\",\"@id\":\"https:\/\/www.bonotti.com\/it\/chi-siamo\/#breadcrumb\",\"itemListElement\":[{\"@type\":\"ListItem\",\"position\":1,\"name\":\"Home\",\"item\":\"https:\/\/www.bonotti.com\/it\/\"},{\"@type\":\"ListItem\",\"position\":2,\"name\":\"Chi siamo\"}]},{\"@type\":\"WebSite\",\"@id\":\"https:\/\/www.bonotti.com\/it\/#website\",\"url\":\"https:\/\/www.bonotti.com\/it\/\",\"name\":\"Bonotti Marble\",\"description\":\"\",\"publisher\":{\"@id\":\"https:\/\/www.bonotti.com\/it\/#organization\"},\"potentialAction\":[{\"@type\":\"SearchAction\",\"target\":{\"@type\":\"EntryPoint\",\"urlTemplate\":\"https:\/\/www.bonotti.com\/it\/?s={search_term_string}\"},\"query-input\":{\"@type\":\"PropertyValueSpecification\",\"valueRequired\":true,\"valueName\":\"search_term_string\"}}],\"inLanguage\":\"it-IT\"},{\"@type\":\"Organization\",\"@id\":\"https:\/\/www.bonotti.com\/it\/#organization\",\"name\":\"Bonotti Marble\",\"url\":\"https:\/\/www.bonotti.com\/it\/\",\"logo\":{\"@type\":\"ImageObject\",\"inLanguage\":\"it-IT\",\"@id\":\"https:\/\/www.bonotti.com\/it\/#\/schema\/logo\/image\/\",\"url\":\"https:\/\/www.bonotti.com\/it\/wp-content\/uploads\/sites\/3\/2024\/11\/logo-bonotti.png\",\"contentUrl\":\"https:\/\/www.bonotti.com\/it\/wp-content\/uploads\/sites\/3\/2024\/11\/logo-bonotti.png\",\"width\":300,\"height\":100,\"caption\":\"Bonotti Marble\"},\"image\":{\"@id\":\"https:\/\/www.bonotti.com\/it\/#\/schema\/logo\/image\/\"},\"sameAs\":[\"https:\/\/www.facebook.com\/bonotti.marmi\/\",\"https:\/\/www.youtube.com\/channel\/UC0ivviwXh8zFqubshhT5CRQ\",\"https:\/\/www.instagram.com\/bonotti.marmi\/\",\"https:\/\/www.linkedin.com\/company\/bonotti-stone-trading-international\/\"]}]}<\/script>\n<!-- \/ Yoast SEO plugin. -->","yoast_head_json":{"title":"Chi siamo &#8212; Bonotti Marble","description":"Una delle pi\u00f9 grandi aziende di Carrara e il nostro inventario comprende pi\u00f9 di 10.000 lastre provenienti da tutto il mondo.","robots":{"index":"index","follow":"follow","max-snippet":"max-snippet:-1","max-image-preview":"max-image-preview:large","max-video-preview":"max-video-preview:-1"},"canonical":"https:\/\/www.bonotti.com\/it\/chi-siamo\/","og_locale":"it_IT","og_type":"article","og_title":"Chi siamo &#8212; Bonotti Marble","og_description":"Una delle pi\u00f9 grandi aziende di Carrara e il nostro inventario comprende pi\u00f9 di 10.000 lastre provenienti da tutto il mondo.","og_url":"https:\/\/www.bonotti.com\/it\/chi-siamo\/","og_site_name":"Bonotti Marble","article_publisher":"https:\/\/www.facebook.com\/bonotti.marmi\/","article_modified_time":"2025-03-05T09:10:26+00:00","og_image":[{"width":1500,"height":955,"url":"https:\/\/www.bonotti.com\/it\/wp-content\/uploads\/sites\/3\/2025\/02\/bonotti-marble-bianco-altissimo.jpg","type":"image\/jpeg"}],"twitter_card":"summary_large_image","twitter_misc":{"Tempo di lettura stimato":"2 minuti"},"schema":{"@context":"https:\/\/schema.org","@graph":[{"@type":"WebPage","@id":"https:\/\/www.bonotti.com\/it\/chi-siamo\/","url":"https:\/\/www.bonotti.com\/it\/chi-siamo\/","name":"Chi siamo &#8212; Bonotti Marble","isPartOf":{"@id":"https:\/\/www.bonotti.com\/it\/#website"},"primaryImageOfPage":{"@id":"https:\/\/www.bonotti.com\/it\/chi-siamo\/#primaryimage"},"image":{"@id":"https:\/\/www.bonotti.com\/it\/chi-siamo\/#primaryimage"},"thumbnailUrl":"https:\/\/www.bonotti.com\/it\/wp-content\/uploads\/sites\/3\/2025\/02\/bonotti-marble-bianco-altissimo.jpg","datePublished":"2025-01-13T16:17:27+00:00","dateModified":"2025-03-05T09:10:26+00:00","description":"Una delle pi\u00f9 grandi aziende di Carrara e il nostro inventario comprende pi\u00f9 di 10.000 lastre provenienti da tutto il mondo.","breadcrumb":{"@id":"https:\/\/www.bonotti.com\/it\/chi-siamo\/#breadcrumb"},"inLanguage":"it-IT","potentialAction":[{"@type":"ReadAction","target":["https:\/\/www.bonotti.com\/it\/chi-siamo\/"]}]},{"@type":"ImageObject","inLanguage":"it-IT","@id":"https:\/\/www.bonotti.com\/it\/chi-siamo\/#primaryimage","url":"https:\/\/www.bonotti.com\/it\/wp-content\/uploads\/sites\/3\/2025\/02\/bonotti-marble-bianco-altissimo.jpg","contentUrl":"https:\/\/www.bonotti.com\/it\/wp-content\/uploads\/sites\/3\/2025\/02\/bonotti-marble-bianco-altissimo.jpg","width":1500,"height":955,"caption":"Bianco Altissimo - Bonotti Marble"},{"@type":"BreadcrumbList","@id":"https:\/\/www.bonotti.com\/it\/chi-siamo\/#breadcrumb","itemListElement":[{"@type":"ListItem","position":1,"name":"Home","item":"https:\/\/www.bonotti.com\/it\/"},{"@type":"ListItem","position":2,"name":"Chi siamo"}]},{"@type":"WebSite","@id":"https:\/\/www.bonotti.com\/it\/#website","url":"https:\/\/www.bonotti.com\/it\/","name":"Bonotti Marble","description":"","publisher":{"@id":"https:\/\/www.bonotti.com\/it\/#organization"},"potentialAction":[{"@type":"SearchAction","target":{"@type":"EntryPoint","urlTemplate":"https:\/\/www.bonotti.com\/it\/?s={search_term_string}"},"query-input":{"@type":"PropertyValueSpecification","valueRequired":true,"valueName":"search_term_string"}}],"inLanguage":"it-IT"},{"@type":"Organization","@id":"https:\/\/www.bonotti.com\/it\/#organization","name":"Bonotti Marble","url":"https:\/\/www.bonotti.com\/it\/","logo":{"@type":"ImageObject","inLanguage":"it-IT","@id":"https:\/\/www.bonotti.com\/it\/#\/schema\/logo\/image\/","url":"https:\/\/www.bonotti.com\/it\/wp-content\/uploads\/sites\/3\/2024\/11\/logo-bonotti.png","contentUrl":"https:\/\/www.bonotti.com\/it\/wp-content\/uploads\/sites\/3\/2024\/11\/logo-bonotti.png","width":300,"height":100,"caption":"Bonotti Marble"},"image":{"@id":"https:\/\/www.bonotti.com\/it\/#\/schema\/logo\/image\/"},"sameAs":["https:\/\/www.facebook.com\/bonotti.marmi\/","https:\/\/www.youtube.com\/channel\/UC0ivviwXh8zFqubshhT5CRQ","https:\/\/www.instagram.com\/bonotti.marmi\/","https:\/\/www.linkedin.com\/company\/bonotti-stone-trading-international\/"]}]}},"_links":{"self":[{"href":"https:\/\/www.bonotti.com\/it\/wp-json\/wp\/v2\/pages\/403","targetHints":{"allow":["GET"]}}],"collection":[{"href":"https:\/\/www.bonotti.com\/it\/wp-json\/wp\/v2\/pages"}],"about":[{"href":"https:\/\/www.bonotti.com\/it\/wp-json\/wp\/v2\/types\/page"}],"author":[{"embeddable":true,"href":"https:\/\/www.bonotti.com\/it\/wp-json\/wp\/v2\/users\/1"}],"replies":[{"embeddable":true,"href":"https:\/\/www.bonotti.com\/it\/wp-json\/wp\/v2\/comments?post=403"}],"version-history":[{"count":107,"href":"https:\/\/www.bonotti.com\/it\/wp-json\/wp\/v2\/pages\/403\/revisions"}],"predecessor-version":[{"id":4226,"href":"https:\/\/www.bonotti.com\/it\/wp-json\/wp\/v2\/pages\/403\/revisions\/4226"}],"wp:attachment":[{"href":"https:\/\/www.bonotti.com\/it\/wp-json\/wp\/v2\/media?parent=403"}],"curies":[{"name":"wp","href":"https:\/\/api.w.org\/{rel}","templated":true}]}}